{"id":615,"date":"2025-03-08T02:05:51","date_gmt":"2025-03-08T02:05:51","guid":{"rendered":"https:\/\/gti-intl.com\/\/?page_id=615"},"modified":"2025-04-09T02:16:18","modified_gmt":"2025-04-09T02:16:18","slug":"vision-plus","status":"publish","type":"page","link":"https:\/\/gti-intl.com\/index.php\/vision-plus\/","title":{"rendered":"VISION PLUS"},"content":{"rendered":"\t\t<div data-elementor-type=\"wp-page\" data-elementor-id=\"615\" class=\"elementor elementor-615\" data-elementor-post-type=\"page\">\n\t\t\t\t\t\t<section class=\"elementor-section elementor-top-section elementor-element elementor-element-7076b82 elementor-section-boxed elementor-section-height-default elementor-section-height-default\" data-id=\"7076b82\" data-element_type=\"section\" data-e-type=\"section\" data-settings=\"{&quot;background_background&quot;:&quot;classic&quot;}\">\n\t\t\t\t\t\t\t<div class=\"elementor-background-overlay\"><\/div>\n\t\t\t\t\t\t\t<div class=\"elementor-container elementor-column-gap-default\">\n\t\t\t\t\t<div class=\"elementor-column elementor-col-100 elementor-top-column elementor-element elementor-element-c418fd2\" data-id=\"c418fd2\" data-element_type=\"column\" data-e-type=\"column\">\n\t\t\t<div class=\"elementor-widget-wrap elementor-element-populated\">\n\t\t\t\t\t\t<section class=\"elementor-section elementor-inner-section elementor-element elementor-element-8443786 elementor-section-content-middle elementor-section-boxed elementor-section-height-default elementor-section-height-default\" data-id=\"8443786\" data-element_type=\"section\" data-e-type=\"section\">\n\t\t\t\t\t\t<div class=\"elementor-container elementor-column-gap-default\">\n\t\t\t\t\t<div class=\"elementor-column elementor-col-50 elementor-inner-column elementor-element elementor-element-f677f16\" data-id=\"f677f16\" data-element_type=\"column\" data-e-type=\"column\">\n\t\t\t<div class=\"elementor-widget-wrap elementor-element-populated\">\n\t\t\t\t\t\t<div class=\"elementor-element elementor-element-a8cd37b elementor-invisible elementor-widget elementor-widget-heading\" data-id=\"a8cd37b\" data-element_type=\"widget\" data-e-type=\"widget\" data-settings=\"{&quot;_animation&quot;:&quot;fadeInUp&quot;}\" data-widget_type=\"heading.default\">\n\t\t\t\t\t<h6 class=\"elementor-heading-title elementor-size-default\">SOLUTIONS<\/h6>\t\t\t\t<\/div>\n\t\t\t\t<div class=\"elementor-element elementor-element-f1e4775 animated-fast elementor-invisible elementor-widget elementor-widget-heading\" data-id=\"f1e4775\" data-element_type=\"widget\" data-e-type=\"widget\" data-settings=\"{&quot;_animation&quot;:&quot;fadeInUp&quot;,&quot;_animation_delay&quot;:200}\" data-widget_type=\"heading.default\">\n\t\t\t\t\t<h1 class=\"elementor-heading-title elementor-size-default\">Vision Plus<\/h1>\t\t\t\t<\/div>\n\t\t\t\t<div class=\"elementor-element elementor-element-ca112b2 elementor-widget__width-initial elementor-invisible elementor-widget elementor-widget-heading\" data-id=\"ca112b2\" data-element_type=\"widget\" data-e-type=\"widget\" data-settings=\"{&quot;_animation&quot;:&quot;fadeInUp&quot;,&quot;_animation_delay&quot;:300}\" data-widget_type=\"heading.default\">\n\t\t\t\t\t<div class=\"elementor-heading-title elementor-size-default\">GTI met \u00e0 votre disposition un portefeuille de solutions innovantes<\/div>\t\t\t\t<\/div>\n\t\t\t\t\t<\/div>\n\t\t<\/div>\n\t\t\t\t<div class=\"elementor-column elementor-col-50 elementor-inner-column elementor-element elementor-element-8612917\" data-id=\"8612917\" data-element_type=\"column\" data-e-type=\"column\" data-settings=\"{&quot;background_background&quot;:&quot;classic&quot;}\">\n\t\t\t<div class=\"elementor-widget-wrap\">\n\t\t\t\t\t\t\t<\/div>\n\t\t<\/div>\n\t\t\t\t\t<\/div>\n\t\t<\/section>\n\t\t\t\t\t<\/div>\n\t\t<\/div>\n\t\t\t\t\t<\/div>\n\t\t<\/section>\n\t\t\t\t<section class=\"elementor-section elementor-top-section elementor-element elementor-element-980e974 elementor-section-boxed elementor-section-height-default elementor-section-height-default\" data-id=\"980e974\" data-element_type=\"section\" data-e-type=\"section\" data-settings=\"{&quot;background_background&quot;:&quot;classic&quot;}\">\n\t\t\t\t\t\t<div class=\"elementor-container elementor-column-gap-default\">\n\t\t\t\t\t<div class=\"elementor-column elementor-col-66 elementor-top-column elementor-element elementor-element-ac646c1 elementor-invisible\" data-id=\"ac646c1\" data-element_type=\"column\" data-e-type=\"column\" data-settings=\"{&quot;animation&quot;:&quot;fadeIn&quot;,&quot;animation_delay&quot;:200}\">\n\t\t\t<div class=\"elementor-widget-wrap elementor-element-populated\">\n\t\t\t\t\t\t<div class=\"elementor-element elementor-element-88c70dd elementor-widget elementor-widget-heading\" data-id=\"88c70dd\" data-element_type=\"widget\" data-e-type=\"widget\" data-widget_type=\"heading.default\">\n\t\t\t\t\t<h3 class=\"elementor-heading-title elementor-size-default\">Overview<\/h3>\t\t\t\t<\/div>\n\t\t\t\t<div class=\"elementor-element elementor-element-0ff1233 elementor-widget elementor-widget-text-editor\" data-id=\"0ff1233\" data-element_type=\"widget\" data-e-type=\"widget\" data-widget_type=\"text-editor.default\">\n\t\t\t\t\t\t\t\t\t<p>VisionPlus\u00a0est une solution logicielle innovante et moderne de gestion int\u00e9gr\u00e9e pour les organisations de pr\u00e9voyance sociale (CNSS, CNAM, \u2026). La solution capitalise sur plus de\u00a0<u>dix ans\u00a0<\/u>d\u2019exp\u00e9rience dans le domaine de l\u2019assurance maladie en Afrique.<\/p>\t\t\t\t\t\t\t\t<\/div>\n\t\t\t\t<div class=\"elementor-element elementor-element-4fede59 elementor-widget elementor-widget-text-editor\" data-id=\"4fede59\" data-element_type=\"widget\" data-e-type=\"widget\" data-widget_type=\"text-editor.default\">\n\t\t\t\t\t\t\t\t\t<h6><strong>Une couverture m\u00e9tier int\u00e9grale et int\u00e9gr\u00e9e<\/strong><\/h6><p>VisionPlus se base sur un ensemble d\u2019applicatifs et modules int\u00e9gr\u00e9s couvrant toutes les fonctionnalit\u00e9s requises afin de g\u00e9rer et piloter de bout-en-bout le m\u00e9tier d\u2019assurance maladie.<\/p>\t\t\t\t\t\t\t\t<\/div>\n\t\t\t\t<div class=\"elementor-element elementor-element-5d422f1 elementor-widget elementor-widget-image\" data-id=\"5d422f1\" data-element_type=\"widget\" data-e-type=\"widget\" data-widget_type=\"image.default\">\n\t\t\t\t\t\t\t\t\t\t\t\t\t\t\t<img fetchpriority=\"high\" decoding=\"async\" width=\"800\" height=\"447\" src=\"https:\/\/gti-intl.com\/wp-content\/uploads\/2025\/03\/couverture_visionplus.png\" class=\"attachment-large size-large wp-image-626\" alt=\"Vision Plus Gti Intl\" srcset=\"https:\/\/gti-intl.com\/wp-content\/uploads\/2025\/03\/couverture_visionplus.png 1000w, https:\/\/gti-intl.com\/wp-content\/uploads\/2025\/03\/couverture_visionplus-300x168.png 300w, https:\/\/gti-intl.com\/wp-content\/uploads\/2025\/03\/couverture_visionplus-768x429.png 768w\" sizes=\"(max-width: 800px) 100vw, 800px\" \/>\t\t\t\t\t\t\t\t\t\t\t\t\t\t\t<\/div>\n\t\t\t\t<div class=\"elementor-element elementor-element-81c36e5 elementor-widget elementor-widget-text-editor\" data-id=\"81c36e5\" data-element_type=\"widget\" data-e-type=\"widget\" data-widget_type=\"text-editor.default\">\n\t\t\t\t\t\t\t\t\t<h6>Une robustesse et une fiabilit\u00e9 en souplesse<\/h6><p>VisionPlus est con\u00e7u sur des technologies et des exigences de s\u00e9curit\u00e9 et de fiabilit\u00e9 de haut niveau. Cette robustesse technique et fonctionnelle vient appuyer une grande souplesse de configuration et de param\u00e9trage permettant aux organisations de pr\u00e9voyance sociale de modeler le produit afin de r\u00e9pondre aux processus m\u00e9tiers et aux modes op\u00e9ratoires les plus exigeants.<\/p>\t\t\t\t\t\t\t\t<\/div>\n\t\t\t\t<div class=\"elementor-element elementor-element-33b514d elementor-widget elementor-widget-image\" data-id=\"33b514d\" data-element_type=\"widget\" data-e-type=\"widget\" data-widget_type=\"image.default\">\n\t\t\t\t\t\t\t\t\t\t\t\t\t\t\t<img decoding=\"async\" width=\"800\" height=\"447\" src=\"https:\/\/gti-intl.com\/wp-content\/uploads\/2025\/03\/gestion_visionplus.png\" class=\"attachment-large size-large wp-image-631\" alt=\"Vision\" srcset=\"https:\/\/gti-intl.com\/wp-content\/uploads\/2025\/03\/gestion_visionplus.png 1000w, https:\/\/gti-intl.com\/wp-content\/uploads\/2025\/03\/gestion_visionplus-300x168.png 300w, https:\/\/gti-intl.com\/wp-content\/uploads\/2025\/03\/gestion_visionplus-768x429.png 768w\" sizes=\"(max-width: 800px) 100vw, 800px\" \/>\t\t\t\t\t\t\t\t\t\t\t\t\t\t\t<\/div>\n\t\t\t\t<div class=\"elementor-element elementor-element-ec7410f elementor-widget elementor-widget-text-editor\" data-id=\"ec7410f\" data-element_type=\"widget\" data-e-type=\"widget\" data-widget_type=\"text-editor.default\">\n\t\t\t\t\t\t\t\t\t<h6>Une exp\u00e9rience utilisateur riche et simple<\/h6><p>VisionPlus est mis en \u0153uvre avec une attention tr\u00e8s particuli\u00e8re \u00e0 l\u2019exp\u00e9rience et aux interfaces utilisateurs tant sur le fond que sur la forme. Le design du produit fait usages des composants modernes pour permettre aux acteurs d\u2019effectuer les traitements dans un cadre \u00ab\u00a0user centric\u00a0\u00bb mettant en exergue les informations et donn\u00e9es pertinentes de mani\u00e8re naturelle, esth\u00e9tique et ergonome.<\/p>\t\t\t\t\t\t\t\t<\/div>\n\t\t\t\t<div class=\"elementor-element elementor-element-8cab2c4 elementor-widget elementor-widget-image\" data-id=\"8cab2c4\" data-element_type=\"widget\" data-e-type=\"widget\" data-widget_type=\"image.default\">\n\t\t\t\t\t\t\t\t\t\t\t\t\t\t\t<img decoding=\"async\" width=\"800\" height=\"447\" src=\"https:\/\/gti-intl.com\/wp-content\/uploads\/2025\/03\/recouvrement_visionplus.png\" class=\"attachment-large size-large wp-image-633\" alt=\"vision plus\" srcset=\"https:\/\/gti-intl.com\/wp-content\/uploads\/2025\/03\/recouvrement_visionplus.png 1000w, https:\/\/gti-intl.com\/wp-content\/uploads\/2025\/03\/recouvrement_visionplus-300x168.png 300w, https:\/\/gti-intl.com\/wp-content\/uploads\/2025\/03\/recouvrement_visionplus-768x429.png 768w\" sizes=\"(max-width: 800px) 100vw, 800px\" \/>\t\t\t\t\t\t\t\t\t\t\t\t\t\t\t<\/div>\n\t\t\t\t\t<\/div>\n\t\t<\/div>\n\t\t\t\t<div class=\"elementor-column elementor-col-33 elementor-top-column elementor-element elementor-element-94710d0\" data-id=\"94710d0\" data-element_type=\"column\" data-e-type=\"column\">\n\t\t\t<div class=\"elementor-widget-wrap elementor-element-populated\">\n\t\t\t\t\t\t<section class=\"elementor-section elementor-inner-section elementor-element elementor-element-92bf841 animated-fast elementor-section-boxed elementor-section-height-default elementor-section-height-default elementor-invisible\" data-id=\"92bf841\" data-element_type=\"section\" data-e-type=\"section\" data-settings=\"{&quot;background_background&quot;:&quot;classic&quot;,&quot;animation&quot;:&quot;fadeInUp&quot;}\">\n\t\t\t\t\t\t<div class=\"elementor-container elementor-column-gap-default\">\n\t\t\t\t\t<div class=\"elementor-column elementor-col-100 elementor-inner-column elementor-element elementor-element-149ed77\" data-id=\"149ed77\" data-element_type=\"column\" data-e-type=\"column\" data-settings=\"{&quot;background_background&quot;:&quot;classic&quot;}\">\n\t\t\t<div class=\"elementor-widget-wrap elementor-element-populated\">\n\t\t\t\t\t\t<div class=\"elementor-element elementor-element-e0e6c86 elementor-widget elementor-widget-heading\" data-id=\"e0e6c86\" data-element_type=\"widget\" data-e-type=\"widget\" data-widget_type=\"heading.default\">\n\t\t\t\t\t<h4 class=\"elementor-heading-title elementor-size-default\">All Solutions<\/h4>\t\t\t\t<\/div>\n\t\t\t\t<div class=\"elementor-element elementor-element-36a7df2 elementor-icon-list--layout-traditional elementor-list-item-link-full_width elementor-widget elementor-widget-icon-list\" data-id=\"36a7df2\" data-element_type=\"widget\" data-e-type=\"widget\" data-widget_type=\"icon-list.default\">\n\t\t\t\t\t\t\t<ul class=\"elementor-icon-list-items\">\n\t\t\t\t\t\t\t<li class=\"elementor-icon-list-item\">\n\t\t\t\t\t\t\t\t\t\t\t<a href=\"https:\/\/gti-intl.com\/index.php\/gti-olivex\/\">\n\n\t\t\t\t\t\t\t\t\t\t\t<span class=\"elementor-icon-list-text\">GTI Olivex<\/span>\n\t\t\t\t\t\t\t\t\t\t\t<\/a>\n\t\t\t\t\t\t\t\t\t<\/li>\n\t\t\t\t\t\t\t\t<li class=\"elementor-icon-list-item\">\n\t\t\t\t\t\t\t\t\t\t\t<a href=\"https:\/\/gti-intl.com\/index.php\/vision-plus\/\">\n\n\t\t\t\t\t\t\t\t\t\t\t<span class=\"elementor-icon-list-text\">Vision Plus<\/span>\n\t\t\t\t\t\t\t\t\t\t\t<\/a>\n\t\t\t\t\t\t\t\t\t<\/li>\n\t\t\t\t\t\t\t\t<li class=\"elementor-icon-list-item\">\n\t\t\t\t\t\t\t\t\t\t\t<a href=\"https:\/\/gti-intl.com\/index.php\/gti-palm\/\">\n\n\t\t\t\t\t\t\t\t\t\t\t<span class=\"elementor-icon-list-text\">GTI Palm<\/span>\n\t\t\t\t\t\t\t\t\t\t\t<\/a>\n\t\t\t\t\t\t\t\t\t<\/li>\n\t\t\t\t\t\t<\/ul>\n\t\t\t\t\t\t<\/div>\n\t\t\t\t\t<\/div>\n\t\t<\/div>\n\t\t\t\t\t<\/div>\n\t\t<\/section>\n\t\t\t\t<section class=\"elementor-section elementor-inner-section elementor-element elementor-element-e3e0cac elementor-section-boxed elementor-section-height-default elementor-section-height-default elementor-invisible\" data-id=\"e3e0cac\" data-element_type=\"section\" data-e-type=\"section\" data-settings=\"{&quot;background_background&quot;:&quot;classic&quot;,&quot;animation&quot;:&quot;fadeInUp&quot;,&quot;animation_delay&quot;:200}\">\n\t\t\t\t\t\t<div class=\"elementor-container elementor-column-gap-default\">\n\t\t\t\t\t<div class=\"elementor-column elementor-col-100 elementor-inner-column elementor-element elementor-element-f4dc81b\" data-id=\"f4dc81b\" data-element_type=\"column\" data-e-type=\"column\">\n\t\t\t<div class=\"elementor-widget-wrap elementor-element-populated\">\n\t\t\t\t\t\t<div class=\"elementor-element elementor-element-2c29d27 elementor-view-stacked elementor-position-inline-start elementor-mobile-position-inline-start elementor-shape-circle elementor-widget elementor-widget-icon-box\" data-id=\"2c29d27\" data-element_type=\"widget\" data-e-type=\"widget\" data-widget_type=\"icon-box.default\">\n\t\t\t\t\t\t\t<div class=\"elementor-icon-box-wrapper\">\n\n\t\t\t\t\t\t<div class=\"elementor-icon-box-icon\">\n\t\t\t\t<a href=\"tel:+222%2026%2050%2001%2000\" class=\"elementor-icon\" tabindex=\"-1\" aria-label=\"Sales Support?\">\n\t\t\t\t<i aria-hidden=\"true\" class=\"icon icon-phone-call1\"><\/i>\t\t\t\t<\/a>\n\t\t\t<\/div>\n\t\t\t\n\t\t\t\t\t\t<div class=\"elementor-icon-box-content\">\n\n\t\t\t\t\t\t\t\t\t<div class=\"elementor-icon-box-title\">\n\t\t\t\t\t\t<a href=\"tel:+222%2026%2050%2001%2000\" >\n\t\t\t\t\t\t\tSales Support?\t\t\t\t\t\t<\/a>\n\t\t\t\t\t<\/div>\n\t\t\t\t\n\t\t\t\t\t\t\t\t\t<p class=\"elementor-icon-box-description\">\n\t\t\t\t\t\t+222 26 50 01 00\t\t\t\t\t<\/p>\n\t\t\t\t\n\t\t\t<\/div>\n\t\t\t\n\t\t<\/div>\n\t\t\t\t\t\t<\/div>\n\t\t\t\t<div class=\"elementor-element elementor-element-19ebaf8 elementor-view-stacked elementor-position-inline-start elementor-mobile-position-inline-start elementor-shape-circle elementor-widget elementor-widget-icon-box\" data-id=\"19ebaf8\" data-element_type=\"widget\" data-e-type=\"widget\" data-widget_type=\"icon-box.default\">\n\t\t\t\t\t\t\t<div class=\"elementor-icon-box-wrapper\">\n\n\t\t\t\t\t\t<div class=\"elementor-icon-box-icon\">\n\t\t\t\t<span  class=\"elementor-icon\">\n\t\t\t\t<svg xmlns=\"http:\/\/www.w3.org\/2000\/svg\" id=\"Layer_1\" viewBox=\"0 0 800 800\"><defs><style> .st0 { fill: #fff; } <\/style><\/defs><path class=\"st0\" d=\"M762.4,365.1l-99.9-88.8v-136.6l-114.6-114.6H237.5v200h-112.5c-20.7,0-37.5,16.8-37.5,37.5v475c0,20.7,16.8,37.5,37.5,37.5h650v-381.9c0-10.7-4.6-20.9-12.6-28ZM237.5,725h-100v-450h100v450ZM512.5,75h14.6l85.4,85.4v14.6h-100v-100ZM287.5,75h175v150h150v112.5h-325V75ZM725,725h-437.5v-337.5h375v-44.3l62.5,55.6v326.3Z\"><\/path><rect class=\"st0\" x=\"362.5\" y=\"537.5\" width=\"50\" height=\"50\"><\/rect><rect class=\"st0\" x=\"462.5\" y=\"537.5\" width=\"50\" height=\"50\"><\/rect><rect class=\"st0\" x=\"362.5\" y=\"637.5\" width=\"50\" height=\"50\"><\/rect><rect class=\"st0\" x=\"462.5\" y=\"637.5\" width=\"50\" height=\"50\"><\/rect><rect class=\"st0\" x=\"562.5\" y=\"537.5\" width=\"50\" height=\"50\"><\/rect><rect class=\"st0\" x=\"562.5\" y=\"637.5\" width=\"50\" height=\"50\"><\/rect><rect class=\"st0\" x=\"362.5\" y=\"437.5\" width=\"250\" height=\"50\"><\/rect><\/svg>\t\t\t\t<\/span>\n\t\t\t<\/div>\n\t\t\t\n\t\t\t\t\t\t<div class=\"elementor-icon-box-content\">\n\n\t\t\t\t\t\t\t\t\t<div class=\"elementor-icon-box-title\">\n\t\t\t\t\t\t<span  >\n\t\t\t\t\t\t\tFax Number\t\t\t\t\t\t<\/span>\n\t\t\t\t\t<\/div>\n\t\t\t\t\n\t\t\t\t\t\t\t\t\t<p class=\"elementor-icon-box-description\">\n\t\t\t\t\t\t09 72 39 26 53\t\t\t\t\t<\/p>\n\t\t\t\t\n\t\t\t<\/div>\n\t\t\t\n\t\t<\/div>\n\t\t\t\t\t\t<\/div>\n\t\t\t\t\t<\/div>\n\t\t<\/div>\n\t\t\t\t\t<\/div>\n\t\t<\/section>\n\t\t\t\t\t<\/div>\n\t\t<\/div>\n\t\t\t\t\t<\/div>\n\t\t<\/section>\n\t\t\t\t<section class=\"elementor-section elementor-top-section elementor-element elementor-element-b516cf4 elementor-section-boxed elementor-section-height-default elementor-section-height-default\" data-id=\"b516cf4\" data-element_type=\"section\" data-e-type=\"section\" data-settings=\"{&quot;background_background&quot;:&quot;classic&quot;}\">\n\t\t\t\t\t\t\t<div class=\"elementor-background-overlay\"><\/div>\n\t\t\t\t\t\t\t<div class=\"elementor-container elementor-column-gap-default\">\n\t\t\t\t\t<div class=\"elementor-column elementor-col-100 elementor-top-column elementor-element elementor-element-806473a elementor-invisible\" data-id=\"806473a\" data-element_type=\"column\" data-e-type=\"column\" data-settings=\"{&quot;animation&quot;:&quot;fadeInUp&quot;}\">\n\t\t\t<div class=\"elementor-widget-wrap elementor-element-populated\">\n\t\t\t\t\t\t<div class=\"elementor-element elementor-element-627d34a elementor-widget elementor-widget-heading\" data-id=\"627d34a\" data-element_type=\"widget\" data-e-type=\"widget\" data-widget_type=\"heading.default\">\n\t\t\t\t\t<h2 class=\"elementor-heading-title elementor-size-default\">Delivering solutions that enable you to work smarter.<\/h2>\t\t\t\t<\/div>\n\t\t\t\t<div class=\"elementor-element elementor-element-e49a540 elementor-widget elementor-widget-text-editor\" data-id=\"e49a540\" data-element_type=\"widget\" data-e-type=\"widget\" data-widget_type=\"text-editor.default\">\n\t\t\t\t\t\t\t\t\t<p>We are dedicated to providing innovative solutions that empower you to streamline your processes, enhance productivity, and achieve your goals with ease.<\/p>\t\t\t\t\t\t\t\t<\/div>\n\t\t\t\t<div class=\"elementor-element elementor-element-601ba3c elementor-align-center elementor-widget elementor-widget-button\" data-id=\"601ba3c\" data-element_type=\"widget\" data-e-type=\"widget\" data-widget_type=\"button.default\">\n\t\t\t\t\t\t\t\t\t\t<a class=\"elementor-button elementor-button-link elementor-size-md\" href=\"https:\/\/gti-intl.com\/index.php\/contact\/\">\n\t\t\t\t\t\t<span class=\"elementor-button-content-wrapper\">\n\t\t\t\t\t\t\t\t\t<span class=\"elementor-button-text\">Contact us<\/span>\n\t\t\t\t\t<\/span>\n\t\t\t\t\t<\/a>\n\t\t\t\t\t\t\t\t<\/div>\n\t\t\t\t\t<\/div>\n\t\t<\/div>\n\t\t\t\t\t<\/div>\n\t\t<\/section>\n\t\t\t\t<\/div>\n\t\t","protected":false},"excerpt":{"rendered":"<p>SOLUTIONS Vision Plus GTI met \u00e0 votre disposition un portefeuille de solutions innovantes Overview VisionPlus\u00a0est une solution logicielle innovante et moderne de gestion int\u00e9gr\u00e9e pour les organisations de pr\u00e9voyance sociale (CNSS, CNAM, \u2026). La solution capitalise sur plus de\u00a0dix ans\u00a0d\u2019exp\u00e9rience dans le domaine de l\u2019assurance maladie en Afrique. Une couverture m\u00e9tier int\u00e9grale et int\u00e9gr\u00e9e VisionPlus [&hellip;]<\/p>\n","protected":false},"author":1,"featured_media":0,"parent":0,"menu_order":0,"comment_status":"closed","ping_status":"closed","template":"","meta":{"footnotes":""},"class_list":["post-615","page","type-page","status-publish","hentry"],"_links":{"self":[{"href":"https:\/\/gti-intl.com\/index.php\/wp-json\/wp\/v2\/pages\/615","targetHints":{"allow":["GET"]}}],"collection":[{"href":"https:\/\/gti-intl.com\/index.php\/wp-json\/wp\/v2\/pages"}],"about":[{"href":"https:\/\/gti-intl.com\/index.php\/wp-json\/wp\/v2\/types\/page"}],"author":[{"embeddable":true,"href":"https:\/\/gti-intl.com\/index.php\/wp-json\/wp\/v2\/users\/1"}],"replies":[{"embeddable":true,"href":"https:\/\/gti-intl.com\/index.php\/wp-json\/wp\/v2\/comments?post=615"}],"version-history":[{"count":25,"href":"https:\/\/gti-intl.com\/index.php\/wp-json\/wp\/v2\/pages\/615\/revisions"}],"predecessor-version":[{"id":845,"href":"https:\/\/gti-intl.com\/index.php\/wp-json\/wp\/v2\/pages\/615\/revisions\/845"}],"wp:attachment":[{"href":"https:\/\/gti-intl.com\/index.php\/wp-json\/wp\/v2\/media?parent=615"}],"curies":[{"name":"wp","href":"https:\/\/api.w.org\/{rel}","templated":true}]}}