{"id":253,"date":"2025-02-25T04:03:45","date_gmt":"2025-02-25T04:03:45","guid":{"rendered":"https:\/\/gti-intl.com\/\/?page_id=253"},"modified":"2025-04-09T02:37:30","modified_gmt":"2025-04-09T02:37:30","slug":"big-data","status":"publish","type":"page","link":"https:\/\/gti-intl.com\/index.php\/big-data\/","title":{"rendered":"BIG DATA"},"content":{"rendered":"\t\t<div data-elementor-type=\"wp-page\" data-elementor-id=\"253\" class=\"elementor elementor-253\" data-elementor-post-type=\"page\">\n\t\t\t\t\t\t<section class=\"elementor-section elementor-top-section elementor-element elementor-element-45c1d857 elementor-section-boxed elementor-section-height-default elementor-section-height-default\" data-id=\"45c1d857\" data-element_type=\"section\" data-e-type=\"section\" data-settings=\"{&quot;background_background&quot;:&quot;classic&quot;}\">\n\t\t\t\t\t\t\t<div class=\"elementor-background-overlay\"><\/div>\n\t\t\t\t\t\t\t<div class=\"elementor-container elementor-column-gap-default\">\n\t\t\t\t\t<div class=\"elementor-column elementor-col-100 elementor-top-column elementor-element elementor-element-127182d5\" data-id=\"127182d5\" data-element_type=\"column\" data-e-type=\"column\">\n\t\t\t<div class=\"elementor-widget-wrap elementor-element-populated\">\n\t\t\t\t\t\t<section class=\"elementor-section elementor-inner-section elementor-element elementor-element-4f879105 elementor-section-boxed elementor-section-height-default elementor-section-height-default\" data-id=\"4f879105\" data-element_type=\"section\" data-e-type=\"section\">\n\t\t\t\t\t\t<div class=\"elementor-container elementor-column-gap-default\">\n\t\t\t\t\t<div class=\"elementor-column elementor-col-100 elementor-inner-column elementor-element elementor-element-1a70eb5e\" data-id=\"1a70eb5e\" data-element_type=\"column\" data-e-type=\"column\">\n\t\t\t<div class=\"elementor-widget-wrap elementor-element-populated\">\n\t\t\t\t\t\t<div class=\"elementor-element elementor-element-1a177c2 elementor-widget__width-initial elementor-widget-mobile__width-initial elementor-widget elementor-widget-image\" data-id=\"1a177c2\" data-element_type=\"widget\" data-e-type=\"widget\" data-widget_type=\"image.default\">\n\t\t\t\t\t\t\t\t\t\t\t\t\t\t\t<img decoding=\"async\" width=\"200\" height=\"42\" src=\"https:\/\/gti-intl.com\/wp-content\/uploads\/2025\/03\/Logo_primary-200x42-1.png\" class=\"attachment-medium size-medium wp-image-538\" alt=\"InsightEx\" \/>\t\t\t\t\t\t\t\t\t\t\t\t\t\t\t<\/div>\n\t\t\t\t<div class=\"elementor-element elementor-element-b04334 elementor-invisible elementor-widget elementor-widget-heading\" data-id=\"b04334\" data-element_type=\"widget\" data-e-type=\"widget\" data-settings=\"{&quot;_animation&quot;:&quot;fadeInUp&quot;,&quot;_animation_delay&quot;:200}\" data-widget_type=\"heading.default\">\n\t\t\t\t\t<h4 class=\"elementor-heading-title elementor-size-default\">Dans une perspective strat\u00e9gique \u00e0 long terme la GTI a cr\u00e9\u00e9 une filiale sp\u00e9cialis\u00e9e en Intelligence Artificielle. Cette filiale r\u00e9alise aujourd'hui des projets technologiques de pointe au service de la r\u00e9gion.<\/h4>\t\t\t\t<\/div>\n\t\t\t\t<div class=\"elementor-element elementor-element-227be84 elementor-mobile-align-justify elementor-align-center elementor-widget elementor-widget-button\" data-id=\"227be84\" data-element_type=\"widget\" data-e-type=\"widget\" data-widget_type=\"button.default\">\n\t\t\t\t\t\t\t\t\t\t<a class=\"elementor-button elementor-button-link elementor-size-md\" href=\"https:\/\/insight-ex.com\/\" target=\"_blank\">\n\t\t\t\t\t\t<span class=\"elementor-button-content-wrapper\">\n\t\t\t\t\t\t\t\t\t<span class=\"elementor-button-text\">En Savoir Plus<\/span>\n\t\t\t\t\t<\/span>\n\t\t\t\t\t<\/a>\n\t\t\t\t\t\t\t\t<\/div>\n\t\t\t\t\t<\/div>\n\t\t<\/div>\n\t\t\t\t\t<\/div>\n\t\t<\/section>\n\t\t\t\t\t<\/div>\n\t\t<\/div>\n\t\t\t\t\t<\/div>\n\t\t<\/section>\n\t\t\t\t<section class=\"elementor-section elementor-top-section elementor-element elementor-element-4b3f623 elementor-section-content-middle elementor-reverse-mobile elementor-section-boxed elementor-section-height-default elementor-section-height-default\" data-id=\"4b3f623\" data-element_type=\"section\" data-e-type=\"section\" data-settings=\"{&quot;background_background&quot;:&quot;classic&quot;}\">\n\t\t\t\t\t\t<div class=\"elementor-container elementor-column-gap-default\">\n\t\t\t\t\t<div class=\"elementor-column elementor-col-50 elementor-top-column elementor-element elementor-element-483751b2 elementor-invisible\" data-id=\"483751b2\" data-element_type=\"column\" data-e-type=\"column\" data-settings=\"{&quot;animation&quot;:&quot;fadeInLeft&quot;}\">\n\t\t\t<div class=\"elementor-widget-wrap elementor-element-populated\">\n\t\t\t\t\t\t<div class=\"elementor-element elementor-element-5a9b05bd elementor-widget elementor-widget-heading\" data-id=\"5a9b05bd\" data-element_type=\"widget\" data-e-type=\"widget\" data-widget_type=\"heading.default\">\n\t\t\t\t\t<h6 class=\"elementor-heading-title elementor-size-default\">Ai &amp; Big Data<\/h6>\t\t\t\t<\/div>\n\t\t\t\t<div class=\"elementor-element elementor-element-4095257f elementor-view-stacked elementor-position-inline-start elementor-mobile-position-inline-start elementor-widget-mobile__width-initial elementor-shape-circle elementor-widget elementor-widget-icon-box\" data-id=\"4095257f\" data-element_type=\"widget\" data-e-type=\"widget\" data-widget_type=\"icon-box.default\">\n\t\t\t\t\t\t\t<div class=\"elementor-icon-box-wrapper\">\n\n\t\t\t\t\t\t<div class=\"elementor-icon-box-icon\">\n\t\t\t\t<span  class=\"elementor-icon\">\n\t\t\t\t<svg xmlns=\"http:\/\/www.w3.org\/2000\/svg\" xmlns:xlink=\"http:\/\/www.w3.org\/1999\/xlink\" id=\"Layer_1\" viewBox=\"0 0 800 800\"><defs><style> .st0 { fill: #fff; fill-rule: evenodd; } <\/style><\/defs><g id=\"Page-1\"><g id=\"icon\"><path id=\"Combined-Shape\" class=\"st0\" d=\"M641.6,158.4v483.1H158.4V158.4h483.1ZM361.8,279.2h-47.1l-89.3,241.6h42.4l16.9-47.2h106.9l16.5,47.2h45l-91.4-241.6ZM528.5,279.2h-42.3v241.6h42.3v-241.6ZM337.9,319.7l42.1,120.5h-83.6l41.4-120.5ZM681.8,520.8h80.5v80.5h-80.5v-80.5ZM198.7,681.8h80.5v80.5h-80.5v-80.5ZM359.7,681.8h80.5v80.5h-80.5v-80.5ZM198.7,37.6h80.5v80.5h-80.5V37.6ZM520.8,681.8h80.5v80.5h-80.5v-80.5ZM359.7,37.6h80.5v80.5h-80.5V37.6ZM520.8,37.6h80.5v80.5h-80.5V37.6ZM681.8,359.7h80.5v80.5h-80.5v-80.5ZM37.6,520.8h80.5v80.5H37.6v-80.5ZM681.8,198.7h80.5v80.5h-80.5v-80.5ZM37.6,359.7h80.5v80.5H37.6v-80.5ZM37.6,198.7h80.5v80.5H37.6v-80.5Z\"><\/path><\/g><\/g><\/svg>\t\t\t\t<\/span>\n\t\t\t<\/div>\n\t\t\t\n\t\t\t\t\t\t<div class=\"elementor-icon-box-content\">\n\n\t\t\t\t\t\t\t\t\t<div class=\"elementor-icon-box-title\">\n\t\t\t\t\t\t<span  >\n\t\t\t\t\t\t\tGTI investit, \u00e0 travers l\u2019unit\u00e9 R&amp;D, dans les technologies AI et Big Data\t\t\t\t\t\t<\/span>\n\t\t\t\t\t<\/div>\n\t\t\t\t\n\t\t\t\t\t\t\t\t\t<p class=\"elementor-icon-box-description\">\n\t\t\t\t\t\tNos consultants et partenaires couvrent plusieurs domaines de comp\u00e9tence pour r\u00e9aliser vos projets AI et\/ou Big Data sur des technologies open source mettant \u00e0 profit les plateformes cloud (Microsoft Azure, AWS et Google Cloud)\t\t\t\t\t<\/p>\n\t\t\t\t\n\t\t\t<\/div>\n\t\t\t\n\t\t<\/div>\n\t\t\t\t\t\t<\/div>\n\t\t\t\t<div class=\"elementor-element elementor-element-14e90df0 elementor-view-stacked elementor-position-inline-start elementor-mobile-position-inline-start elementor-widget-mobile__width-initial elementor-shape-circle elementor-widget elementor-widget-icon-box\" data-id=\"14e90df0\" data-element_type=\"widget\" data-e-type=\"widget\" data-widget_type=\"icon-box.default\">\n\t\t\t\t\t\t\t<div class=\"elementor-icon-box-wrapper\">\n\n\t\t\t\t\t\t<div class=\"elementor-icon-box-icon\">\n\t\t\t\t<span  class=\"elementor-icon\">\n\t\t\t\t<svg xmlns=\"http:\/\/www.w3.org\/2000\/svg\" id=\"Layer_1\" viewBox=\"0 0 800 800\"><defs><style> .st0 { fill: #fff; } .st1 { fill: none; } <\/style><\/defs><g id=\"Layer_2\"><g id=\"invisible_box\"><rect class=\"st1\" width=\"800\" height=\"800\"><\/rect><\/g><g id=\"icons_Q2\"><g><circle class=\"st0\" cx=\"633.3\" cy=\"400\" r=\"33.3\"><\/circle><circle class=\"st0\" cx=\"533.3\" cy=\"400\" r=\"33.3\"><\/circle><circle class=\"st0\" cx=\"633.3\" cy=\"600\" r=\"33.3\"><\/circle><circle class=\"st0\" cx=\"533.3\" cy=\"600\" r=\"33.3\"><\/circle><path class=\"st0\" d=\"M733.3,66.7H66.7c-18.4,0-33.3,14.9-33.3,33.3v600c0,18.4,14.9,33.3,33.3,33.3h666.7c18.4,0,33.3-14.9,33.3-33.3V100c0-18.4-14.9-33.3-33.3-33.3ZM100,333.3h600v133.3H100v-133.3ZM100,133.3h600v133.3H100v-133.3ZM700,666.7H100v-133.3h600v133.3Z\"><\/path><circle class=\"st0\" cx=\"633.3\" cy=\"200\" r=\"33.3\"><\/circle><circle class=\"st0\" cx=\"533.3\" cy=\"200\" r=\"33.3\"><\/circle><\/g><\/g><\/g><\/svg>\t\t\t\t<\/span>\n\t\t\t<\/div>\n\t\t\t\n\t\t\t\t\t\t<div class=\"elementor-icon-box-content\">\n\n\t\t\t\t\t\t\t\t\t<div class=\"elementor-icon-box-title\">\n\t\t\t\t\t\t<span  >\n\t\t\t\t\t\t\tNos experts Data scientists vous aideront \u00e0 d\u00e9finir vos projets\t\t\t\t\t\t<\/span>\n\t\t\t\t\t<\/div>\n\t\t\t\t\n\t\t\t\t\t\t\t\t\t<p class=\"elementor-icon-box-description\">\n\t\t\t\t\t\tidentifier les donn\u00e9es. Ils vous accompagnent dans l\u2019analyse et la conception des outils AI (machine\/deep learning) afin de d\u00e9gager les tableaux de bords et les tendances (insights) dont votre organisation a besoin pour consolider ses avantages concurrentiels et\/ou s\u2019ouvrir de nouvelles opportunit\u00e9s de d\u00e9veloppement.\t\t\t\t\t<\/p>\n\t\t\t\t\n\t\t\t<\/div>\n\t\t\t\n\t\t<\/div>\n\t\t\t\t\t\t<\/div>\n\t\t\t\t<div class=\"elementor-element elementor-element-63aee73 elementor-widget__width-initial elementor-widget-mobile__width-initial elementor-widget elementor-widget-image\" data-id=\"63aee73\" data-element_type=\"widget\" data-e-type=\"widget\" data-widget_type=\"image.default\">\n\t\t\t\t\t\t\t\t\t\t\t\t\t\t\t<img fetchpriority=\"high\" decoding=\"async\" width=\"429\" height=\"124\" src=\"https:\/\/gti-intl.com\/wp-content\/uploads\/2025\/02\/bigdata_gtiintl-1-1.png\" class=\"attachment-large size-large wp-image-380\" alt=\"logos\" srcset=\"https:\/\/gti-intl.com\/wp-content\/uploads\/2025\/02\/bigdata_gtiintl-1-1.png 429w, https:\/\/gti-intl.com\/wp-content\/uploads\/2025\/02\/bigdata_gtiintl-1-1-300x87.png 300w\" sizes=\"(max-width: 429px) 100vw, 429px\" \/>\t\t\t\t\t\t\t\t\t\t\t\t\t\t\t<\/div>\n\t\t\t\t\t<\/div>\n\t\t<\/div>\n\t\t\t\t<div class=\"elementor-column elementor-col-50 elementor-top-column elementor-element elementor-element-25b203a6 elementor-invisible\" data-id=\"25b203a6\" data-element_type=\"column\" data-e-type=\"column\" data-settings=\"{&quot;animation&quot;:&quot;fadeInRight&quot;}\">\n\t\t\t<div class=\"elementor-widget-wrap elementor-element-populated\">\n\t\t\t\t\t\t<div class=\"elementor-element elementor-element-19ab4b45 elementor-widget__width-initial elementor-widget elementor-widget-image\" data-id=\"19ab4b45\" data-element_type=\"widget\" data-e-type=\"widget\" data-widget_type=\"image.default\">\n\t\t\t\t\t\t\t\t\t\t\t\t\t\t\t<img decoding=\"async\" width=\"1500\" height=\"1500\" src=\"https:\/\/gti-intl.com\/wp-content\/uploads\/2025\/02\/Data.png\" class=\"attachment-full size-full wp-image-286\" alt=\"Data\" srcset=\"https:\/\/gti-intl.com\/wp-content\/uploads\/2025\/02\/Data.png 1500w, https:\/\/gti-intl.com\/wp-content\/uploads\/2025\/02\/Data-300x300.png 300w, https:\/\/gti-intl.com\/wp-content\/uploads\/2025\/02\/Data-1024x1024.png 1024w, https:\/\/gti-intl.com\/wp-content\/uploads\/2025\/02\/Data-150x150.png 150w, https:\/\/gti-intl.com\/wp-content\/uploads\/2025\/02\/Data-768x768.png 768w\" sizes=\"(max-width: 1500px) 100vw, 1500px\" \/>\t\t\t\t\t\t\t\t\t\t\t\t\t\t\t<\/div>\n\t\t\t\t\t<\/div>\n\t\t<\/div>\n\t\t\t\t\t<\/div>\n\t\t<\/section>\n\t\t\t\t<\/div>\n\t\t","protected":false},"excerpt":{"rendered":"<p>Dans une perspective strat\u00e9gique \u00e0 long terme la GTI a cr\u00e9\u00e9 une filiale sp\u00e9cialis\u00e9e en Intelligence Artificielle. Cette filiale r\u00e9alise aujourd&rsquo;hui des projets technologiques de pointe au service de la r\u00e9gion. En Savoir Plus Ai &#038; Big Data GTI investit, \u00e0 travers l\u2019unit\u00e9 R&#038;D, dans les technologies AI et Big Data Nos consultants et partenaires [&hellip;]<\/p>\n","protected":false},"author":1,"featured_media":0,"parent":0,"menu_order":0,"comment_status":"closed","ping_status":"closed","template":"elementor_header_footer","meta":{"footnotes":""},"class_list":["post-253","page","type-page","status-publish","hentry"],"_links":{"self":[{"href":"https:\/\/gti-intl.com\/index.php\/wp-json\/wp\/v2\/pages\/253","targetHints":{"allow":["GET"]}}],"collection":[{"href":"https:\/\/gti-intl.com\/index.php\/wp-json\/wp\/v2\/pages"}],"about":[{"href":"https:\/\/gti-intl.com\/index.php\/wp-json\/wp\/v2\/types\/page"}],"author":[{"embeddable":true,"href":"https:\/\/gti-intl.com\/index.php\/wp-json\/wp\/v2\/users\/1"}],"replies":[{"embeddable":true,"href":"https:\/\/gti-intl.com\/index.php\/wp-json\/wp\/v2\/comments?post=253"}],"version-history":[{"count":61,"href":"https:\/\/gti-intl.com\/index.php\/wp-json\/wp\/v2\/pages\/253\/revisions"}],"predecessor-version":[{"id":875,"href":"https:\/\/gti-intl.com\/index.php\/wp-json\/wp\/v2\/pages\/253\/revisions\/875"}],"wp:attachment":[{"href":"https:\/\/gti-intl.com\/index.php\/wp-json\/wp\/v2\/media?parent=253"}],"curies":[{"name":"wp","href":"https:\/\/api.w.org\/{rel}","templated":true}]}}