{"id":120,"date":"2025-02-24T01:53:35","date_gmt":"2025-02-24T01:53:35","guid":{"rendered":"https:\/\/gti-intl.com\/\/?page_id=120"},"modified":"2025-04-09T02:52:45","modified_gmt":"2025-04-09T02:52:45","slug":"solutions","status":"publish","type":"page","link":"https:\/\/gti-intl.com\/index.php\/solutions\/","title":{"rendered":"SOLUTIONS"},"content":{"rendered":"\t\t<div data-elementor-type=\"wp-page\" data-elementor-id=\"120\" class=\"elementor elementor-120\" data-elementor-post-type=\"page\">\n\t\t\t\t\t\t<section class=\"elementor-section elementor-top-section elementor-element elementor-element-2c5f26e1 elementor-section-boxed elementor-section-height-default elementor-section-height-default\" data-id=\"2c5f26e1\" data-element_type=\"section\" data-e-type=\"section\" data-settings=\"{&quot;background_background&quot;:&quot;classic&quot;}\">\n\t\t\t\t\t\t\t<div class=\"elementor-background-overlay\"><\/div>\n\t\t\t\t\t\t\t<div class=\"elementor-container elementor-column-gap-default\">\n\t\t\t\t\t<div class=\"elementor-column elementor-col-100 elementor-top-column elementor-element elementor-element-5652a93d\" data-id=\"5652a93d\" data-element_type=\"column\" data-e-type=\"column\" data-settings=\"{&quot;background_background&quot;:&quot;classic&quot;}\">\n\t\t\t<div class=\"elementor-widget-wrap elementor-element-populated\">\n\t\t\t\t\t\t<section class=\"elementor-section elementor-inner-section elementor-element elementor-element-642e2b2e elementor-section-boxed elementor-section-height-default elementor-section-height-default\" data-id=\"642e2b2e\" data-element_type=\"section\" data-e-type=\"section\" data-settings=\"{&quot;background_background&quot;:&quot;classic&quot;}\">\n\t\t\t\t\t\t<div class=\"elementor-container elementor-column-gap-default\">\n\t\t\t\t\t<div class=\"elementor-column elementor-col-100 elementor-inner-column elementor-element elementor-element-445d4adf\" data-id=\"445d4adf\" data-element_type=\"column\" data-e-type=\"column\">\n\t\t\t<div class=\"elementor-widget-wrap elementor-element-populated\">\n\t\t\t\t\t\t<div class=\"elementor-element elementor-element-12cf60ee animated-fast elementor-invisible elementor-widget elementor-widget-heading\" data-id=\"12cf60ee\" data-element_type=\"widget\" data-e-type=\"widget\" data-settings=\"{&quot;_animation&quot;:&quot;fadeInUp&quot;}\" data-widget_type=\"heading.default\">\n\t\t\t\t\t<h1 class=\"elementor-heading-title elementor-size-default\">Solutions<\/h1>\t\t\t\t<\/div>\n\t\t\t\t<div class=\"elementor-element elementor-element-50442be0 elementor-widget__width-initial elementor-invisible elementor-widget elementor-widget-heading\" data-id=\"50442be0\" data-element_type=\"widget\" data-e-type=\"widget\" data-settings=\"{&quot;_animation&quot;:&quot;fadeInUp&quot;,&quot;_animation_delay&quot;:200}\" data-widget_type=\"heading.default\">\n\t\t\t\t\t<h4 class=\"elementor-heading-title elementor-size-default\">Des innovations pour votre entreprise<\/h4>\t\t\t\t<\/div>\n\t\t\t\t\t<\/div>\n\t\t<\/div>\n\t\t\t\t\t<\/div>\n\t\t<\/section>\n\t\t\t\t\t<\/div>\n\t\t<\/div>\n\t\t\t\t\t<\/div>\n\t\t<\/section>\n\t\t\t\t<section class=\"elementor-section elementor-top-section elementor-element elementor-element-2ea0eaf1 elementor-section-boxed elementor-section-height-default elementor-section-height-default\" data-id=\"2ea0eaf1\" data-element_type=\"section\" data-e-type=\"section\" data-settings=\"{&quot;background_background&quot;:&quot;classic&quot;}\">\n\t\t\t\t\t\t<div class=\"elementor-container elementor-column-gap-default\">\n\t\t\t\t\t<div class=\"elementor-column elementor-col-100 elementor-top-column elementor-element elementor-element-1b3a2962\" data-id=\"1b3a2962\" data-element_type=\"column\" data-e-type=\"column\">\n\t\t\t<div class=\"elementor-widget-wrap elementor-element-populated\">\n\t\t\t\t\t\t<section class=\"elementor-section elementor-inner-section elementor-element elementor-element-541a7c83 elementor-section-boxed elementor-section-height-default elementor-section-height-default\" data-id=\"541a7c83\" data-element_type=\"section\" data-e-type=\"section\">\n\t\t\t\t\t\t<div class=\"elementor-container elementor-column-gap-default\">\n\t\t\t\t\t<div class=\"elementor-column elementor-col-50 elementor-inner-column elementor-element elementor-element-601a8ac elementor-invisible\" data-id=\"601a8ac\" data-element_type=\"column\" data-e-type=\"column\" data-settings=\"{&quot;animation&quot;:&quot;fadeInLeft&quot;}\">\n\t\t\t<div class=\"elementor-widget-wrap elementor-element-populated\">\n\t\t\t\t\t\t<div class=\"elementor-element elementor-element-617afc61 elementor-widget elementor-widget-heading\" data-id=\"617afc61\" data-element_type=\"widget\" data-e-type=\"widget\" data-widget_type=\"heading.default\">\n\t\t\t\t\t<h2 class=\"elementor-heading-title elementor-size-default\">GTI met \u00e0 votre disposition un portefeuille de solutions innovantes<\/h2>\t\t\t\t<\/div>\n\t\t\t\t\t<\/div>\n\t\t<\/div>\n\t\t\t\t<div class=\"elementor-column elementor-col-50 elementor-inner-column elementor-element elementor-element-44fd71a2 elementor-invisible\" data-id=\"44fd71a2\" data-element_type=\"column\" data-e-type=\"column\" data-settings=\"{&quot;animation&quot;:&quot;fadeInRight&quot;}\">\n\t\t\t<div class=\"elementor-widget-wrap elementor-element-populated\">\n\t\t\t\t\t\t<div class=\"elementor-element elementor-element-4c3b240f elementor-widget elementor-widget-text-editor\" data-id=\"4c3b240f\" data-element_type=\"widget\" data-e-type=\"widget\" data-widget_type=\"text-editor.default\">\n\t\t\t\t\t\t\t\t\t<p>Sociosqu aenean facilisis fermentum aliquam velit sapien. Dictum conubia eget curae massa nunc. Mollis nascetur platea aenean curae mi ultrices primis torquent euismod.<\/p>\t\t\t\t\t\t\t\t<\/div>\n\t\t\t\t\t<\/div>\n\t\t<\/div>\n\t\t\t\t\t<\/div>\n\t\t<\/section>\n\t\t\t\t<section class=\"elementor-section elementor-inner-section elementor-element elementor-element-6ea3fea elementor-section-boxed elementor-section-height-default elementor-section-height-default\" data-id=\"6ea3fea\" data-element_type=\"section\" data-e-type=\"section\">\n\t\t\t\t\t\t<div class=\"elementor-container elementor-column-gap-default\">\n\t\t\t\t\t<div class=\"elementor-column elementor-col-33 elementor-inner-column elementor-element elementor-element-3e034d5c elementor-invisible\" data-id=\"3e034d5c\" data-element_type=\"column\" data-e-type=\"column\" data-settings=\"{&quot;background_background&quot;:&quot;classic&quot;,&quot;animation&quot;:&quot;fadeInRight&quot;}\">\n\t\t\t<div class=\"elementor-widget-wrap elementor-element-populated\">\n\t\t\t\t\t\t<div class=\"elementor-element elementor-element-1cbd3369 elementor-view-default elementor-position-block-start elementor-mobile-position-block-start elementor-widget elementor-widget-icon-box\" data-id=\"1cbd3369\" data-element_type=\"widget\" data-e-type=\"widget\" data-widget_type=\"icon-box.default\">\n\t\t\t\t\t\t\t<div class=\"elementor-icon-box-wrapper\">\n\n\t\t\t\t\t\t<div class=\"elementor-icon-box-icon\">\n\t\t\t\t<span  class=\"elementor-icon\">\n\t\t\t\t<svg xmlns=\"http:\/\/www.w3.org\/2000\/svg\" id=\"Layer_1\" viewBox=\"0 0 800 800\"><defs><style> .st0 { fill: none; stroke: #fff; stroke-miterlimit: 333.3; stroke-width: 66.7px; } <\/style><\/defs><polyline class=\"st0\" points=\"33.3 233.3 33.3 33.3 233.3 33.3\"><\/polyline><polyline class=\"st0\" points=\"566.7 33.3 766.7 33.3 766.7 233.3\"><\/polyline><polyline class=\"st0\" points=\"33.3 566.7 33.3 766.7 233.3 766.7\"><\/polyline><polyline class=\"st0\" points=\"566.7 766.7 766.7 766.7 766.7 566.7\"><\/polyline><path class=\"st0\" d=\"M733.3,400c-106,184.1-341.2,247.4-525.3,141.4-58.8-33.8-107.5-82.6-141.4-141.4,106-184.1,341.2-247.4,525.3-141.4,58.8,33.8,107.5,82.6,141.4,141.4Z\"><\/path><path class=\"st0\" d=\"M733.3,400c-106,184.1-341.2,247.4-525.3,141.4-58.8-33.8-107.5-82.6-141.4-141.4,106-184.1,341.2-247.4,525.3-141.4,58.8,33.8,107.5,82.6,141.4,141.4Z\"><\/path><circle class=\"st0\" cx=\"400\" cy=\"400\" r=\"100\"><\/circle><\/svg>\t\t\t\t<\/span>\n\t\t\t<\/div>\n\t\t\t\n\t\t\t\t\t\t<div class=\"elementor-icon-box-content\">\n\n\t\t\t\t\t\t\t\t\t<div class=\"elementor-icon-box-title\">\n\t\t\t\t\t\t<span  >\n\t\t\t\t\t\t\tVisionPlus\t\t\t\t\t\t<\/span>\n\t\t\t\t\t<\/div>\n\t\t\t\t\n\t\t\t\t\t\t\t\t\t<p class=\"elementor-icon-box-description\">\n\t\t\t\t\t\tVisionPlus est un progiciel de gestion int\u00e9gr\u00e9e de l\u2019assurance maladie obligatoire. C\u2019est une solution innovante con\u00e7ue et optimis\u00e9e pour la gestion des structures sociales d\u2019assurance maladie obligatoire. \t\t\t\t\t<\/p>\n\t\t\t\t\n\t\t\t<\/div>\n\t\t\t\n\t\t<\/div>\n\t\t\t\t\t\t<\/div>\n\t\t\t\t<div class=\"elementor-element elementor-element-784e83d9 elementor-align-justify elementor-widget elementor-widget-button\" data-id=\"784e83d9\" data-element_type=\"widget\" data-e-type=\"widget\" data-widget_type=\"button.default\">\n\t\t\t\t\t\t\t\t\t\t<a class=\"elementor-button elementor-button-link elementor-size-md\" href=\"https:\/\/gti-intl.com\/index.php\/vision-plus\/\">\n\t\t\t\t\t\t<span class=\"elementor-button-content-wrapper\">\n\t\t\t\t\t\t\t\t\t<span class=\"elementor-button-text\">Learn More<\/span>\n\t\t\t\t\t<\/span>\n\t\t\t\t\t<\/a>\n\t\t\t\t\t\t\t\t<\/div>\n\t\t\t\t\t<\/div>\n\t\t<\/div>\n\t\t\t\t<div class=\"elementor-column elementor-col-33 elementor-inner-column elementor-element elementor-element-78288844 elementor-invisible\" data-id=\"78288844\" data-element_type=\"column\" data-e-type=\"column\" data-settings=\"{&quot;background_background&quot;:&quot;classic&quot;,&quot;animation&quot;:&quot;zoomIn&quot;,&quot;animation_delay&quot;:3}\">\n\t\t\t<div class=\"elementor-widget-wrap elementor-element-populated\">\n\t\t\t\t\t\t<div class=\"elementor-element elementor-element-57802db9 elementor-view-default elementor-position-block-start elementor-mobile-position-block-start elementor-widget elementor-widget-icon-box\" data-id=\"57802db9\" data-element_type=\"widget\" data-e-type=\"widget\" data-widget_type=\"icon-box.default\">\n\t\t\t\t\t\t\t<div class=\"elementor-icon-box-wrapper\">\n\n\t\t\t\t\t\t<div class=\"elementor-icon-box-icon\">\n\t\t\t\t<span  class=\"elementor-icon\">\n\t\t\t\t<svg xmlns=\"http:\/\/www.w3.org\/2000\/svg\" id=\"Layer_1\" viewBox=\"0 0 800 800\"><defs><style> .st0 { fill: none; stroke: #fff; stroke-miterlimit: 333.3; stroke-width: 64px; } <\/style><\/defs><g id=\"roll_brush\"><rect class=\"st0\" x=\"48.7\" y=\"81.3\" width=\"703.3\" height=\"223.7\"><\/rect><rect class=\"st0\" x=\"48.7\" y=\"305\" width=\"703.3\" height=\"223.7\"><\/rect><rect class=\"st0\" x=\"48.7\" y=\"529\" width=\"703.3\" height=\"223.7\"><\/rect><line class=\"st0\" x1=\"176.7\" y1=\"145.3\" x2=\"176.7\" y2=\"209.3\"><\/line><line class=\"st0\" x1=\"176.7\" y1=\"592.7\" x2=\"176.7\" y2=\"656.7\"><\/line><line class=\"st0\" x1=\"176.7\" y1=\"369\" x2=\"176.7\" y2=\"433\"><\/line><line class=\"st0\" x1=\"304.3\" y1=\"145.3\" x2=\"304.3\" y2=\"209.3\"><\/line><line class=\"st0\" x1=\"304.3\" y1=\"592.7\" x2=\"304.3\" y2=\"656.7\"><\/line><line class=\"st0\" x1=\"304.3\" y1=\"369\" x2=\"304.3\" y2=\"433\"><\/line><line class=\"st0\" x1=\"656\" y1=\"177.3\" x2=\"496.3\" y2=\"177.3\"><\/line><line class=\"st0\" x1=\"656\" y1=\"401\" x2=\"496.3\" y2=\"401\"><\/line><line class=\"st0\" x1=\"656\" y1=\"624.7\" x2=\"496.3\" y2=\"624.7\"><\/line><\/g><\/svg>\t\t\t\t<\/span>\n\t\t\t<\/div>\n\t\t\t\n\t\t\t\t\t\t<div class=\"elementor-icon-box-content\">\n\n\t\t\t\t\t\t\t\t\t<div class=\"elementor-icon-box-title\">\n\t\t\t\t\t\t<span  >\n\t\t\t\t\t\t\tGed Genius\t\t\t\t\t\t<\/span>\n\t\t\t\t\t<\/div>\n\t\t\t\t\n\t\t\t\t\t\t\t\t\t<p class=\"elementor-icon-box-description\">\n\t\t\t\t\t\tGED-Genius est une solution innovante de gestion \u00e9lectronique des documents et d\u2019archives. Elle incorpore un moteur de workflow enti\u00e8rement param\u00e9trable pour g\u00e9rer la tra\u00e7abilit\u00e9 et le cycle de vie de vos documents.\t\t\t\t\t<\/p>\n\t\t\t\t\n\t\t\t<\/div>\n\t\t\t\n\t\t<\/div>\n\t\t\t\t\t\t<\/div>\n\t\t\t\t<div class=\"elementor-element elementor-element-5ad2cb6d elementor-align-justify elementor-widget elementor-widget-button\" data-id=\"5ad2cb6d\" data-element_type=\"widget\" data-e-type=\"widget\" data-widget_type=\"button.default\">\n\t\t\t\t\t\t\t\t\t\t<a class=\"elementor-button elementor-button-link elementor-size-md\" href=\"https:\/\/gti-intl.com\/index.php\/gti-palm\/\">\n\t\t\t\t\t\t<span class=\"elementor-button-content-wrapper\">\n\t\t\t\t\t\t\t\t\t<span class=\"elementor-button-text\">Learn More<\/span>\n\t\t\t\t\t<\/span>\n\t\t\t\t\t<\/a>\n\t\t\t\t\t\t\t\t<\/div>\n\t\t\t\t\t<\/div>\n\t\t<\/div>\n\t\t\t\t<div class=\"elementor-column elementor-col-33 elementor-inner-column elementor-element elementor-element-7820ee32 elementor-invisible\" data-id=\"7820ee32\" data-element_type=\"column\" data-e-type=\"column\" data-settings=\"{&quot;background_background&quot;:&quot;classic&quot;,&quot;animation&quot;:&quot;fadeInLeft&quot;}\">\n\t\t\t<div class=\"elementor-widget-wrap elementor-element-populated\">\n\t\t\t\t\t\t<div class=\"elementor-element elementor-element-35694e21 elementor-view-default elementor-position-block-start elementor-mobile-position-block-start elementor-widget elementor-widget-icon-box\" data-id=\"35694e21\" data-element_type=\"widget\" data-e-type=\"widget\" data-widget_type=\"icon-box.default\">\n\t\t\t\t\t\t\t<div class=\"elementor-icon-box-wrapper\">\n\n\t\t\t\t\t\t<div class=\"elementor-icon-box-icon\">\n\t\t\t\t<span  class=\"elementor-icon\">\n\t\t\t\t<svg xmlns=\"http:\/\/www.w3.org\/2000\/svg\" id=\"Layer_1\" viewBox=\"0 0 800 800\"><defs><style> .st0 { fill: none; stroke: #fff; stroke-miterlimit: 333.3; stroke-width: 64px; } <\/style><\/defs><g id=\"roll_brush\"><line class=\"st0\" x1=\"272.3\" y1=\"497.7\" x2=\"528\" y2=\"497.7\"><\/line><line class=\"st0\" x1=\"400\" y1=\"369.7\" x2=\"400\" y2=\"625.3\"><\/line><rect class=\"st0\" x=\"48.3\" y=\"50\" width=\"703.3\" height=\"703.3\"><\/rect><polygon class=\"st0\" points=\"751.7 241.7 542.7 241.7 478.7 241.7 48.3 241.7 48.3 50 751.7 50 751.7 241.7\"><\/polygon><line class=\"st0\" x1=\"144.3\" y1=\"146\" x2=\"208.3\" y2=\"146\"><\/line><line class=\"st0\" x1=\"272.3\" y1=\"146\" x2=\"336\" y2=\"146\"><\/line><line class=\"st0\" x1=\"400\" y1=\"146\" x2=\"464\" y2=\"146\"><\/line><\/g><\/svg>\t\t\t\t<\/span>\n\t\t\t<\/div>\n\t\t\t\n\t\t\t\t\t\t<div class=\"elementor-icon-box-content\">\n\n\t\t\t\t\t\t\t\t\t<div class=\"elementor-icon-box-title\">\n\t\t\t\t\t\t<span  >\n\t\t\t\t\t\t\tGti-Olivex\t\t\t\t\t\t<\/span>\n\t\t\t\t\t<\/div>\n\t\t\t\t\n\t\t\t\t\t\t\t\t\t<p class=\"elementor-icon-box-description\">\n\t\t\t\t\t\tUn syst\u00e8me d\u2019information de gestion des h\u00f4pitaux d\u00e9velopp\u00e9 sur une plateforme web innovante et modulaire. La solution couvre, entre autres, la gestion de l\u2019accueil, le dossier informatis\u00e9 du patient, les actes, l\u2019hospitalisation et le stock.\n\n\t\t\t\t\t<\/p>\n\t\t\t\t\n\t\t\t<\/div>\n\t\t\t\n\t\t<\/div>\n\t\t\t\t\t\t<\/div>\n\t\t\t\t<div class=\"elementor-element elementor-element-2dabcf79 elementor-align-justify elementor-widget elementor-widget-button\" data-id=\"2dabcf79\" data-element_type=\"widget\" data-e-type=\"widget\" data-widget_type=\"button.default\">\n\t\t\t\t\t\t\t\t\t\t<a class=\"elementor-button elementor-button-link elementor-size-md\" href=\"https:\/\/gti-intl.com\/index.php\/gti-olivex\/\">\n\t\t\t\t\t\t<span class=\"elementor-button-content-wrapper\">\n\t\t\t\t\t\t\t\t\t<span class=\"elementor-button-text\">Learn More<\/span>\n\t\t\t\t\t<\/span>\n\t\t\t\t\t<\/a>\n\t\t\t\t\t\t\t\t<\/div>\n\t\t\t\t\t<\/div>\n\t\t<\/div>\n\t\t\t\t\t<\/div>\n\t\t<\/section>\n\t\t\t\t\t<\/div>\n\t\t<\/div>\n\t\t\t\t\t<\/div>\n\t\t<\/section>\n\t\t\t\t<\/div>\n\t\t","protected":false},"excerpt":{"rendered":"<p>Solutions Des innovations pour votre entreprise GTI met \u00e0 votre disposition un portefeuille de solutions innovantes Sociosqu aenean facilisis fermentum aliquam velit sapien. Dictum conubia eget curae massa nunc. Mollis nascetur platea aenean curae mi ultrices primis torquent euismod. VisionPlus VisionPlus est un progiciel de gestion int\u00e9gr\u00e9e de l\u2019assurance maladie obligatoire. C\u2019est une solution innovante [&hellip;]<\/p>\n","protected":false},"author":1,"featured_media":0,"parent":0,"menu_order":0,"comment_status":"closed","ping_status":"closed","template":"","meta":{"footnotes":""},"class_list":["post-120","page","type-page","status-publish","hentry"],"_links":{"self":[{"href":"https:\/\/gti-intl.com\/index.php\/wp-json\/wp\/v2\/pages\/120","targetHints":{"allow":["GET"]}}],"collection":[{"href":"https:\/\/gti-intl.com\/index.php\/wp-json\/wp\/v2\/pages"}],"about":[{"href":"https:\/\/gti-intl.com\/index.php\/wp-json\/wp\/v2\/types\/page"}],"author":[{"embeddable":true,"href":"https:\/\/gti-intl.com\/index.php\/wp-json\/wp\/v2\/users\/1"}],"replies":[{"embeddable":true,"href":"https:\/\/gti-intl.com\/index.php\/wp-json\/wp\/v2\/comments?post=120"}],"version-history":[{"count":53,"href":"https:\/\/gti-intl.com\/index.php\/wp-json\/wp\/v2\/pages\/120\/revisions"}],"predecessor-version":[{"id":884,"href":"https:\/\/gti-intl.com\/index.php\/wp-json\/wp\/v2\/pages\/120\/revisions\/884"}],"wp:attachment":[{"href":"https:\/\/gti-intl.com\/index.php\/wp-json\/wp\/v2\/media?parent=120"}],"curies":[{"name":"wp","href":"https:\/\/api.w.org\/{rel}","templated":true}]}}